{"id":210,"date":"2019-08-14T14:11:14","date_gmt":"2019-08-14T12:11:14","guid":{"rendered":"https:\/\/hvu-online.de\/?page_id=210"},"modified":"2019-08-20T10:21:31","modified_gmt":"2019-08-20T08:21:31","slug":"hilfstransporte","status":"publish","type":"page","link":"https:\/\/hvu-online.de\/index.php\/hilfstransporte\/","title":{"rendered":"Hilfstransporte"},"content":{"rendered":"\t\t<div data-elementor-type=\"wp-post\" data-elementor-id=\"210\" class=\"elementor elementor-210\" data-elementor-post-type=\"page\">\n\t\t\t\t\t\t<section class=\"elementor-section elementor-top-section elementor-element elementor-element-ff989dd elementor-section-boxed elementor-section-height-default elementor-section-height-default\" data-id=\"ff989dd\" data-element_type=\"section\" data-e-type=\"section\">\n\t\t\t\t\t\t<div class=\"elementor-container elementor-column-gap-default\">\n\t\t\t\t\t<div class=\"elementor-column elementor-col-50 elementor-top-column elementor-element elementor-element-43501e4\" data-id=\"43501e4\" data-element_type=\"column\" data-e-type=\"column\">\n\t\t\t<div class=\"elementor-widget-wrap elementor-element-populated\">\n\t\t\t\t\t\t<div class=\"elementor-element elementor-element-55ecb8c elementor-widget elementor-widget-text-editor\" data-id=\"55ecb8c\" data-element_type=\"widget\" data-e-type=\"widget\" data-widget_type=\"text-editor.default\">\n\t\t\t\t\t\t\t\t\t<h1>Hilfstransporte<\/h1><p>Wir organisieren keine Hilfstransporte im gro\u00dfen Stil. Das hat mit den Schwierigkeiten an der ukrainischen Grenze zu tun, vor allem aber auch mit den enorm gestiegenen Transportkosten.<\/p><p>Wir freuen uns \u00fcber jede Spende und wir m\u00f6chten mit dem Geld, dass uns die Geber anvertraut haben, verantwortlich umgehen. Dazu geh\u00f6rt f\u00fcr uns auch, dass wir Dinge, die zur Hilfe n\u00f6tig sind, wenn m\u00f6glich vor Ort kaufen bzw. finanzieren.<\/p>\t\t\t\t\t\t\t\t<\/div>\n\t\t\t\t\t<\/div>\n\t\t<\/div>\n\t\t\t\t<div class=\"elementor-column elementor-col-50 elementor-top-column elementor-element elementor-element-e57c8fb\" data-id=\"e57c8fb\" data-element_type=\"column\" data-e-type=\"column\">\n\t\t\t<div class=\"elementor-widget-wrap elementor-element-populated\">\n\t\t\t\t\t\t<div class=\"elementor-element elementor-element-5c2c714 elementor-widget elementor-widget-image\" data-id=\"5c2c714\" data-element_type=\"widget\" data-e-type=\"widget\" data-widget_type=\"image.default\">\n\t\t\t\t\t\t\t\t\t\t\t\t<figure class=\"wp-caption\">\n\t\t\t\t\t\t\t\t\t\t\t<a href=\"https:\/\/hvu-online.de\/wp-content\/uploads\/2019\/08\/\u00dcbergabe-von-Feuerwehr-Kleidung-durch-HVU-Gesch\u00e4ftsf\u00fchrer-Christian-Ehrler-r.-an-Pfarrer-Mikl\u00f3s-Zsukovszky-von-der-Freiwilligen-Feuerwehr-in-Dercen.jpg\" data-elementor-open-lightbox=\"yes\" data-elementor-lightbox-title=\"\u00dcbergabe Feuerwehrkleidung\" data-elementor-lightbox-description=\"\u00dcbergabe von Feuerwehr-Kleidung durch HVU-Gesch\u00e4ftsf\u00fchrer Christian Ehrler (r.) an Pfarrer Mikl\u00f3s Zsukovszky von der Freiwilligen Feuerwehr in Dercen\" data-e-action-hash=\"#elementor-action%3Aaction%3Dlightbox%26settings%3DeyJpZCI6MTA3MywidXJsIjoiaHR0cHM6XC9cL2h2dS1vbmxpbmUuZGVcL3dwLWNvbnRlbnRcL3VwbG9hZHNcLzIwMTlcLzA4XC9cdTAwZGNiZXJnYWJlLXZvbi1GZXVlcndlaHItS2xlaWR1bmctZHVyY2gtSFZVLUdlc2NoXHUwMGU0ZnRzZlx1MDBmY2hyZXItQ2hyaXN0aWFuLUVocmxlci1yLi1hbi1QZmFycmVyLU1pa2xcdTAwZjNzLVpzdWtvdnN6a3ktdm9uLWRlci1GcmVpd2lsbGlnZW4tRmV1ZXJ3ZWhyLWluLURlcmNlbi5qcGcifQ%3D%3D\">\n\t\t\t\t\t\t\t<img fetchpriority=\"high\" decoding=\"async\" width=\"1024\" height=\"768\" src=\"https:\/\/hvu-online.de\/wp-content\/uploads\/2019\/08\/\u00dcbergabe-von-Feuerwehr-Kleidung-durch-HVU-Gesch\u00e4ftsf\u00fchrer-Christian-Ehrler-r.-an-Pfarrer-Mikl\u00f3s-Zsukovszky-von-der-Freiwilligen-Feuerwehr-in-Dercen-1024x768.jpg\" class=\"attachment-large size-large wp-image-1073\" alt=\"\" srcset=\"https:\/\/hvu-online.de\/wp-content\/uploads\/2019\/08\/\u00dcbergabe-von-Feuerwehr-Kleidung-durch-HVU-Gesch\u00e4ftsf\u00fchrer-Christian-Ehrler-r.-an-Pfarrer-Mikl\u00f3s-Zsukovszky-von-der-Freiwilligen-Feuerwehr-in-Dercen-1024x768.jpg 1024w, https:\/\/hvu-online.de\/wp-content\/uploads\/2019\/08\/\u00dcbergabe-von-Feuerwehr-Kleidung-durch-HVU-Gesch\u00e4ftsf\u00fchrer-Christian-Ehrler-r.-an-Pfarrer-Mikl\u00f3s-Zsukovszky-von-der-Freiwilligen-Feuerwehr-in-Dercen-300x225.jpg 300w, https:\/\/hvu-online.de\/wp-content\/uploads\/2019\/08\/\u00dcbergabe-von-Feuerwehr-Kleidung-durch-HVU-Gesch\u00e4ftsf\u00fchrer-Christian-Ehrler-r.-an-Pfarrer-Mikl\u00f3s-Zsukovszky-von-der-Freiwilligen-Feuerwehr-in-Dercen-768x576.jpg 768w\" sizes=\"(max-width: 1024px) 100vw, 1024px\" \/>\t\t\t\t\t\t\t\t<\/a>\n\t\t\t\t\t\t\t\t\t\t\t<figcaption class=\"widget-image-caption wp-caption-text\">\u00dcbergabe von Feuerwehr-Kleidung durch HVU-Gesch\u00e4ftsf\u00fchrer Christian Ehrler (r.) an Pfarrer Mikl\u00f3s Zsukovszky von der Freiwilligen Feuerwehr in Dercen<\/figcaption>\n\t\t\t\t\t\t\t\t\t\t<\/figure>\n\t\t\t\t\t\t\t\t\t<\/div>\n\t\t\t\t\t<\/div>\n\t\t<\/div>\n\t\t\t\t\t<\/div>\n\t\t<\/section>\n\t\t\t\t<section class=\"elementor-section elementor-top-section elementor-element elementor-element-1d19adb elementor-section-boxed elementor-section-height-default elementor-section-height-default\" data-id=\"1d19adb\" data-element_type=\"section\" data-e-type=\"section\">\n\t\t\t\t\t\t<div class=\"elementor-container elementor-column-gap-default\">\n\t\t\t\t\t<div class=\"elementor-column elementor-col-100 elementor-top-column elementor-element elementor-element-7b02244\" data-id=\"7b02244\" data-element_type=\"column\" data-e-type=\"column\">\n\t\t\t<div class=\"elementor-widget-wrap elementor-element-populated\">\n\t\t\t\t\t\t<div class=\"elementor-element elementor-element-d9a3cf8 elementor-widget elementor-widget-spacer\" data-id=\"d9a3cf8\" data-element_type=\"widget\" data-e-type=\"widget\" data-widget_type=\"spacer.default\">\n\t\t\t\t\t\t\t<div class=\"elementor-spacer\">\n\t\t\t<div class=\"elementor-spacer-inner\"><\/div>\n\t\t<\/div>\n\t\t\t\t\t\t<\/div>\n\t\t\t\t\t<\/div>\n\t\t<\/div>\n\t\t\t\t\t<\/div>\n\t\t<\/section>\n\t\t\t\t<\/div>\n\t\t","protected":false},"excerpt":{"rendered":"<p>Hilfstransporte Wir organisieren keine Hilfstransporte im gro\u00dfen Stil. Das hat mit den Schwierigkeiten an der ukrainischen Grenze zu tun, vor allem aber auch mit den enorm gestiegenen Transportkosten. Wir freuen uns \u00fcber jede Spende und wir m\u00f6chten mit dem Geld, dass uns die Geber anvertraut haben, verantwortlich umgehen. Dazu geh\u00f6rt f\u00fcr uns auch, dass wir <a href=\"https:\/\/hvu-online.de\/index.php\/hilfstransporte\/\" class=\"read-more inline\">&#8230; <br \/>mehr lesen<\/a><\/p>\n","protected":false},"author":2,"featured_media":1073,"parent":0,"menu_order":0,"comment_status":"closed","ping_status":"closed","template":"","meta":{"footnotes":""},"class_list":["post-210","page","type-page","status-publish","has-post-thumbnail","hentry","page_cat-verein"],"_links":{"self":[{"href":"https:\/\/hvu-online.de\/index.php\/wp-json\/wp\/v2\/pages\/210","targetHints":{"allow":["GET"]}}],"collection":[{"href":"https:\/\/hvu-online.de\/index.php\/wp-json\/wp\/v2\/pages"}],"about":[{"href":"https:\/\/hvu-online.de\/index.php\/wp-json\/wp\/v2\/types\/page"}],"author":[{"embeddable":true,"href":"https:\/\/hvu-online.de\/index.php\/wp-json\/wp\/v2\/users\/2"}],"replies":[{"embeddable":true,"href":"https:\/\/hvu-online.de\/index.php\/wp-json\/wp\/v2\/comments?post=210"}],"version-history":[{"count":6,"href":"https:\/\/hvu-online.de\/index.php\/wp-json\/wp\/v2\/pages\/210\/revisions"}],"predecessor-version":[{"id":1076,"href":"https:\/\/hvu-online.de\/index.php\/wp-json\/wp\/v2\/pages\/210\/revisions\/1076"}],"wp:featuredmedia":[{"embeddable":true,"href":"https:\/\/hvu-online.de\/index.php\/wp-json\/wp\/v2\/media\/1073"}],"wp:attachment":[{"href":"https:\/\/hvu-online.de\/index.php\/wp-json\/wp\/v2\/media?parent=210"}],"curies":[{"name":"wp","href":"https:\/\/api.w.org\/{rel}","templated":true}]}}